{"id":14,"date":"2021-11-21T15:14:19","date_gmt":"2021-11-21T15:14:19","guid":{"rendered":"https:\/\/yvonnails.ch\/index.php\/about\/"},"modified":"2024-10-15T23:11:54","modified_gmt":"2024-10-15T21:11:54","slug":"about","status":"publish","type":"page","link":"https:\/\/yvonnails.ch\/index.php\/about\/","title":{"rendered":"About"},"content":{"rendered":"\t\t<div data-elementor-type=\"wp-page\" data-elementor-id=\"14\" class=\"elementor elementor-14\" data-elementor-post-type=\"page\">\n\t\t\t\t<div class=\"elementor-element elementor-element-3576283 e-flex e-con-boxed e-con e-parent\" data-id=\"3576283\" data-element_type=\"container\" data-e-type=\"container\" data-settings=\"{&quot;background_background&quot;:&quot;classic&quot;,&quot;shape_divider_bottom&quot;:&quot;mountains&quot;}\">\n\t\t\t\t\t<div class=\"e-con-inner\">\n\t\t\t\t<div class=\"elementor-shape elementor-shape-bottom\" aria-hidden=\"true\" data-negative=\"false\">\n\t\t\t<svg xmlns=\"http:\/\/www.w3.org\/2000\/svg\" viewBox=\"0 0 1000 100\" preserveAspectRatio=\"none\">\n\t<path class=\"elementor-shape-fill\" opacity=\"0.33\" d=\"M473,67.3c-203.9,88.3-263.1-34-320.3,0C66,119.1,0,59.7,0,59.7V0h1000v59.7 c0,0-62.1,26.1-94.9,29.3c-32.8,3.3-62.8-12.3-75.8-22.1C806,49.6,745.3,8.7,694.9,4.7S492.4,59,473,67.3z\"\/>\n\t<path class=\"elementor-shape-fill\" opacity=\"0.66\" d=\"M734,67.3c-45.5,0-77.2-23.2-129.1-39.1c-28.6-8.7-150.3-10.1-254,39.1 s-91.7-34.4-149.2,0C115.7,118.3,0,39.8,0,39.8V0h1000v36.5c0,0-28.2-18.5-92.1-18.5C810.2,18.1,775.7,67.3,734,67.3z\"\/>\n\t<path class=\"elementor-shape-fill\" d=\"M766.1,28.9c-200-57.5-266,65.5-395.1,19.5C242,1.8,242,5.4,184.8,20.6C128,35.8,132.3,44.9,89.9,52.5C28.6,63.7,0,0,0,0 h1000c0,0-9.9,40.9-83.6,48.1S829.6,47,766.1,28.9z\"\/>\n<\/svg>\t\t<\/div>\n\t\t<div class=\"elementor-element elementor-element-0f3c19b e-con-full e-flex e-con e-child\" data-id=\"0f3c19b\" data-element_type=\"container\" data-e-type=\"container\">\n\t\t\t\t<div class=\"elementor-element elementor-element-5e5eb4c elementor-widget elementor-widget-heading\" data-id=\"5e5eb4c\" data-element_type=\"widget\" data-e-type=\"widget\" data-widget_type=\"heading.default\">\n\t\t\t\t<div class=\"elementor-widget-container\">\n\t\t\t\t\t<h1 class=\"elementor-heading-title elementor-size-default\">\u00dcber uns<\/h1>\t\t\t\t<\/div>\n\t\t\t\t<\/div>\n\t\t\t\t<\/div>\n\t\t\t\t\t<\/div>\n\t\t\t\t<\/div>\n\t\t<div class=\"elementor-element elementor-element-ba62999 e-flex e-con-boxed e-con e-parent\" data-id=\"ba62999\" data-element_type=\"container\" data-e-type=\"container\">\n\t\t\t\t\t<div class=\"e-con-inner\">\n\t\t<div class=\"elementor-element elementor-element-b6cb766 e-con-full e-flex e-con e-child\" data-id=\"b6cb766\" data-element_type=\"container\" data-e-type=\"container\">\n\t\t\t\t<div class=\"elementor-element elementor-element-d659b46 elementor-widget-mobile__width-initial elementor-widget elementor-widget-heading\" data-id=\"d659b46\" data-element_type=\"widget\" data-e-type=\"widget\" data-widget_type=\"heading.default\">\n\t\t\t\t<div class=\"elementor-widget-container\">\n\t\t\t\t\t<h2 class=\"elementor-heading-title elementor-size-default\">Nageldienstleistungen<\/h2>\t\t\t\t<\/div>\n\t\t\t\t<\/div>\n\t\t\t\t<div class=\"elementor-element elementor-element-894ed26 elementor-widget elementor-widget-text-editor\" data-id=\"894ed26\" data-element_type=\"widget\" data-e-type=\"widget\" data-widget_type=\"text-editor.default\">\n\t\t\t\t<div class=\"elementor-widget-container\">\n\t\t\t\t\t\t\t\t\t<p>Yvonne Nails ist ein Ort, an dem Sch\u00f6nheit auf Kunst trifft. Mit umfangreicher Erfahrung und einer unersch\u00fctterlichen Leidenschaft f\u00fcr atemberaubende N\u00e4gel bin ich darauf spezialisiert, au\u00dfergew\u00f6hnliche Manik\u00fcren und Pedik\u00fcren sowie entspannende Hand- und Fu\u00dfmassagen f\u00fcr M\u00e4nner und Frauen in der Region Bern anzubieten. Als hochqualifizierte Spezialistin f\u00fcr Gel- und Acryln\u00e4gel lege ich gro\u00dfen Wert auf die Gesundheit von H\u00e4nden, N\u00e4geln, F\u00fc\u00dfen und Zehen. Ich halte mich stets auf dem Laufenden \u00fcber die neuesten Trends und Techniken. Mein Ziel ist es, sicherzustellen, dass Sie mit N\u00e4geln nach Hause gehen, die nicht nur sch\u00f6n aussehen, sondern auch Ihre einzigartige Pers\u00f6nlichkeit widerspiegeln.<\/p>\t\t\t\t\t\t\t\t<\/div>\n\t\t\t\t<\/div>\n\t\t\t\t<div class=\"elementor-element elementor-element-b7b1e28 elementor-align-left elementor-mobile-align-center elementor-widget elementor-widget-button\" data-id=\"b7b1e28\" data-element_type=\"widget\" data-e-type=\"widget\" data-widget_type=\"button.default\">\n\t\t\t\t<div class=\"elementor-widget-container\">\n\t\t\t\t\t\t\t\t\t<div class=\"elementor-button-wrapper\">\n\t\t\t\t\t<a class=\"elementor-button elementor-button-link elementor-size-sm elementor-animation-shrink\" href=\"https:\/\/yvonnails.ch\/index.php\/contact\/\">\n\t\t\t\t\t\t<span class=\"elementor-button-content-wrapper\">\n\t\t\t\t\t\t\t\t\t<span class=\"elementor-button-text\">Kontakt<\/span>\n\t\t\t\t\t<\/span>\n\t\t\t\t\t<\/a>\n\t\t\t\t<\/div>\n\t\t\t\t\t\t\t\t<\/div>\n\t\t\t\t<\/div>\n\t\t\t\t<\/div>\n\t\t<div class=\"elementor-element elementor-element-b7246f7 e-con-full e-flex e-con e-child\" data-id=\"b7246f7\" data-element_type=\"container\" data-e-type=\"container\">\n\t\t\t\t<div class=\"elementor-element elementor-element-2754c4b elementor-widget elementor-widget-image\" data-id=\"2754c4b\" data-element_type=\"widget\" data-e-type=\"widget\" data-widget_type=\"image.default\">\n\t\t\t\t<div class=\"elementor-widget-container\">\n\t\t\t\t\t\t\t\t\t\t\t\t\t\t\t<img fetchpriority=\"high\" decoding=\"async\" width=\"1024\" height=\"768\" src=\"https:\/\/yvonnails.ch\/wp-content\/uploads\/2023\/10\/UNHAS2WE3-1.webp\" class=\"attachment-large size-large wp-image-1481\" alt=\"\" srcset=\"https:\/\/yvonnails.ch\/wp-content\/uploads\/2023\/10\/UNHAS2WE3-1.webp 1024w, https:\/\/yvonnails.ch\/wp-content\/uploads\/2023\/10\/UNHAS2WE3-1-300x225.webp 300w, https:\/\/yvonnails.ch\/wp-content\/uploads\/2023\/10\/UNHAS2WE3-1-768x576.webp 768w\" sizes=\"(max-width: 1024px) 100vw, 1024px\" \/>\t\t\t\t\t\t\t\t\t\t\t\t\t\t\t<\/div>\n\t\t\t\t<\/div>\n\t\t\t\t<\/div>\n\t\t\t\t\t<\/div>\n\t\t\t\t<\/div>\n\t\t<div class=\"elementor-element elementor-element-f29c0f7 e-flex e-con-boxed e-con e-parent\" data-id=\"f29c0f7\" data-element_type=\"container\" data-e-type=\"container\">\n\t\t\t\t\t<div class=\"e-con-inner\">\n\t\t<div class=\"elementor-element elementor-element-60a57fc e-con-full e-flex e-con e-child\" data-id=\"60a57fc\" data-element_type=\"container\" data-e-type=\"container\">\n\t\t\t\t<div class=\"elementor-element elementor-element-1665c5e elementor-widget elementor-widget-image\" data-id=\"1665c5e\" data-element_type=\"widget\" data-e-type=\"widget\" data-widget_type=\"image.default\">\n\t\t\t\t<div class=\"elementor-widget-container\">\n\t\t\t\t\t\t\t\t\t\t\t\t\t\t\t<img decoding=\"async\" width=\"1024\" height=\"790\" src=\"https:\/\/yvonnails.ch\/wp-content\/uploads\/2024\/01\/Imagem-do-WhatsApp-de-2024-01-22-as-18.43.46_9a49d6b8-e1706038137191-1024x790.jpg\" class=\"attachment-large size-large wp-image-1998\" alt=\"\" srcset=\"https:\/\/yvonnails.ch\/wp-content\/uploads\/2024\/01\/Imagem-do-WhatsApp-de-2024-01-22-as-18.43.46_9a49d6b8-e1706038137191-1024x790.jpg 1024w, https:\/\/yvonnails.ch\/wp-content\/uploads\/2024\/01\/Imagem-do-WhatsApp-de-2024-01-22-as-18.43.46_9a49d6b8-e1706038137191-300x231.jpg 300w, https:\/\/yvonnails.ch\/wp-content\/uploads\/2024\/01\/Imagem-do-WhatsApp-de-2024-01-22-as-18.43.46_9a49d6b8-e1706038137191-768x592.jpg 768w, https:\/\/yvonnails.ch\/wp-content\/uploads\/2024\/01\/Imagem-do-WhatsApp-de-2024-01-22-as-18.43.46_9a49d6b8-e1706038137191.jpg 1080w\" sizes=\"(max-width: 1024px) 100vw, 1024px\" \/>\t\t\t\t\t\t\t\t\t\t\t\t\t\t\t<\/div>\n\t\t\t\t<\/div>\n\t\t\t\t<\/div>\n\t\t<div class=\"elementor-element elementor-element-6c616ec e-con-full e-flex e-con e-child\" data-id=\"6c616ec\" data-element_type=\"container\" data-e-type=\"container\">\n\t\t\t\t<div class=\"elementor-element elementor-element-30df595 elementor-widget-mobile__width-initial elementor-widget elementor-widget-heading\" data-id=\"30df595\" data-element_type=\"widget\" data-e-type=\"widget\" data-widget_type=\"heading.default\">\n\t\t\t\t<div class=\"elementor-widget-container\">\n\t\t\t\t\t<h2 class=\"elementor-heading-title elementor-size-default\">Dienstleistungen f\u00fcr Augenbrauen und Wimpern:<\/h2>\t\t\t\t<\/div>\n\t\t\t\t<\/div>\n\t\t\t\t<div class=\"elementor-element elementor-element-05bdfab elementor-widget elementor-widget-text-editor\" data-id=\"05bdfab\" data-element_type=\"widget\" data-e-type=\"widget\" data-widget_type=\"text-editor.default\">\n\t\t\t\t<div class=\"elementor-widget-container\">\n\t\t\t\t\t\t\t\t\t<p>Yvonne Nails ist ein Ort, an dem Sch\u00f6nheit auf Kunst trifft. Mit umfangreicher Erfahrung und einer unersch\u00fctterlichen Leidenschaft f\u00fcr atemberaubende N\u00e4gel bin ich darauf spezialisiert, au\u00dfergew\u00f6hnliche Manik\u00fcren und Pedik\u00fcren sowie entspannende Hand- und Fu\u00dfmassagen f\u00fcr M\u00e4nner und Frauen in der Region Bern anzubieten. Als hochqualifizierte Spezialistin f\u00fcr Gel- und Acryln\u00e4gel lege ich gro\u00dfen Wert auf die Gesundheit von H\u00e4nden, N\u00e4geln, F\u00fc\u00dfen und Zehen. Ich halte mich stets auf dem Laufenden \u00fcber die neuesten Trends und Techniken. Mein Ziel ist es, sicherzustellen, dass Sie mit N\u00e4geln nach Hause gehen, die nicht nur sch\u00f6n aussehen, sondern auch Ihre einzigartige Pers\u00f6nlichkeit widerspiegeln.<\/p>\t\t\t\t\t\t\t\t<\/div>\n\t\t\t\t<\/div>\n\t\t\t\t<div class=\"elementor-element elementor-element-8325856 elementor-align-left elementor-mobile-align-center elementor-widget elementor-widget-button\" data-id=\"8325856\" data-element_type=\"widget\" data-e-type=\"widget\" data-widget_type=\"button.default\">\n\t\t\t\t<div class=\"elementor-widget-container\">\n\t\t\t\t\t\t\t\t\t<div class=\"elementor-button-wrapper\">\n\t\t\t\t\t<a class=\"elementor-button elementor-button-link elementor-size-sm elementor-animation-shrink\" href=\"https:\/\/yvonnails.ch\/index.php\/contact\/\">\n\t\t\t\t\t\t<span class=\"elementor-button-content-wrapper\">\n\t\t\t\t\t\t\t\t\t<span class=\"elementor-button-text\">Kontakt<\/span>\n\t\t\t\t\t<\/span>\n\t\t\t\t\t<\/a>\n\t\t\t\t<\/div>\n\t\t\t\t\t\t\t\t<\/div>\n\t\t\t\t<\/div>\n\t\t\t\t<\/div>\n\t\t\t\t\t<\/div>\n\t\t\t\t<\/div>\n\t\t<div class=\"elementor-element elementor-element-d2f9c59 e-flex e-con-boxed e-con e-parent\" data-id=\"d2f9c59\" data-element_type=\"container\" data-e-type=\"container\">\n\t\t\t\t\t<div class=\"e-con-inner\">\n\t\t<div class=\"elementor-element elementor-element-f7f7f50 e-con-full e-flex e-con e-child\" data-id=\"f7f7f50\" data-element_type=\"container\" data-e-type=\"container\">\n\t\t\t\t<div class=\"elementor-element elementor-element-1877147 elementor-widget-mobile__width-initial elementor-widget elementor-widget-heading\" data-id=\"1877147\" data-element_type=\"widget\" data-e-type=\"widget\" data-widget_type=\"heading.default\">\n\t\t\t\t<div class=\"elementor-widget-container\">\n\t\t\t\t\t<h2 class=\"elementor-heading-title elementor-size-default\">Kundenerfahrung<\/h2>\t\t\t\t<\/div>\n\t\t\t\t<\/div>\n\t\t\t\t<div class=\"elementor-element elementor-element-2e890f8 elementor-widget elementor-widget-text-editor\" data-id=\"2e890f8\" data-element_type=\"widget\" data-e-type=\"widget\" data-widget_type=\"text-editor.default\">\n\t\t\t\t<div class=\"elementor-widget-container\">\n\t\t\t\t\t\t\t\t\t<p>Ich glaube, dass sich jeder Kunde besonders f\u00fchlen sollte. Deshalb bem\u00fche ich mich, eine einladende und entspannende Atmosph\u00e4re zu schaffen, in der sie sich hinsetzen, entspannen und ein unvergleichliches Manik\u00fcre-Erlebnis genie\u00dfen k\u00f6nnen. Dar\u00fcber hinaus biete ich Pedik\u00fcre-Dienstleistungen und Massagen f\u00fcr H\u00e4nde und F\u00fc\u00dfe an, um Ihr Spa-Erlebnis bei uns im Studio oder bei Ihnen zu Hause zu vervollst\u00e4ndigen. Vereinbaren Sie einen Termin und entdecken Sie, warum ich die bevorzugte Wahl f\u00fcr Manik\u00fcre-Dienstleistungen in der Region Bern bin. Ich freue mich darauf, Sie zu bedienen!<br \/><br \/>Eleganz, Sch\u00f6nheit und Gesundheit sind die Grundpfeiler meiner Arbeit, und ich bin bestrebt, diese Elemente in jedem Dienst zum Leben\u00a0zu\u00a0erwecken.<\/p>\t\t\t\t\t\t\t\t<\/div>\n\t\t\t\t<\/div>\n\t\t\t\t<div class=\"elementor-element elementor-element-b7fbad0 elementor-align-left elementor-mobile-align-center elementor-widget elementor-widget-button\" data-id=\"b7fbad0\" data-element_type=\"widget\" data-e-type=\"widget\" data-widget_type=\"button.default\">\n\t\t\t\t<div class=\"elementor-widget-container\">\n\t\t\t\t\t\t\t\t\t<div class=\"elementor-button-wrapper\">\n\t\t\t\t\t<a class=\"elementor-button elementor-button-link elementor-size-sm elementor-animation-shrink\" href=\"https:\/\/yvonnails.ch\/index.php\/contact\/\">\n\t\t\t\t\t\t<span class=\"elementor-button-content-wrapper\">\n\t\t\t\t\t\t\t\t\t<span class=\"elementor-button-text\">Kontakt<\/span>\n\t\t\t\t\t<\/span>\n\t\t\t\t\t<\/a>\n\t\t\t\t<\/div>\n\t\t\t\t\t\t\t\t<\/div>\n\t\t\t\t<\/div>\n\t\t\t\t<\/div>\n\t\t<div class=\"elementor-element elementor-element-88ee6a2 e-con-full e-flex e-con e-child\" data-id=\"88ee6a2\" data-element_type=\"container\" data-e-type=\"container\">\n\t\t\t\t<div class=\"elementor-element elementor-element-39955e0 elementor-widget elementor-widget-image\" data-id=\"39955e0\" data-element_type=\"widget\" data-e-type=\"widget\" data-widget_type=\"image.default\">\n\t\t\t\t<div class=\"elementor-widget-container\">\n\t\t\t\t\t\t\t\t\t\t\t\t\t\t\t<img decoding=\"async\" width=\"1024\" height=\"682\" src=\"https:\/\/yvonnails.ch\/wp-content\/uploads\/2023\/10\/UNHAS2345432-1-1024x682.webp\" class=\"attachment-large size-large wp-image-1483\" alt=\"\" srcset=\"https:\/\/yvonnails.ch\/wp-content\/uploads\/2023\/10\/UNHAS2345432-1-1024x682.webp 1024w, https:\/\/yvonnails.ch\/wp-content\/uploads\/2023\/10\/UNHAS2345432-1-300x200.webp 300w, https:\/\/yvonnails.ch\/wp-content\/uploads\/2023\/10\/UNHAS2345432-1-768x512.webp 768w, https:\/\/yvonnails.ch\/wp-content\/uploads\/2023\/10\/UNHAS2345432-1.webp 1472w\" sizes=\"(max-width: 1024px) 100vw, 1024px\" \/>\t\t\t\t\t\t\t\t\t\t\t\t\t\t\t<\/div>\n\t\t\t\t<\/div>\n\t\t\t\t<\/div>\n\t\t\t\t\t<\/div>\n\t\t\t\t<\/div>\n\t\t\t\t<\/div>\n\t\t","protected":false},"excerpt":{"rendered":"<p>\u00dcber uns Nageldienstleistungen Yvonne Nails ist ein Ort, an dem Sch\u00f6nheit auf Kunst trifft. Mit umfangreicher Erfahrung und einer unersch\u00fctterlichen Leidenschaft f\u00fcr atemberaubende N\u00e4gel bin ich darauf spezialisiert, au\u00dfergew\u00f6hnliche Manik\u00fcren und Pedik\u00fcren sowie entspannende Hand- und Fu\u00dfmassagen f\u00fcr M\u00e4nner und Frauen in der Region Bern anzubieten. Als hochqualifizierte Spezialistin f\u00fcr Gel- und Acryln\u00e4gel lege ich [&hellip;]<\/p>\n","protected":false},"author":1,"featured_media":0,"parent":0,"menu_order":0,"comment_status":"closed","ping_status":"closed","template":"elementor_header_footer","meta":{"_uag_custom_page_level_css":"","site-sidebar-layout":"no-sidebar","site-content-layout":"page-builder","ast-site-content-layout":"default","site-content-style":"default","site-sidebar-style":"default","ast-global-header-display":"","ast-banner-title-visibility":"","ast-main-header-display":"","ast-hfb-above-header-display":"","ast-hfb-below-header-display":"","ast-hfb-mobile-header-display":"","site-post-title":"disabled","ast-breadcrumbs-content":"","ast-featured-img":"disabled","footer-sml-layout":"","theme-transparent-header-meta":"enabled","adv-header-id-meta":"","stick-header-meta":"","header-above-stick-meta":"","header-main-stick-meta":"","header-below-stick-meta":"","astra-migrate-meta-layouts":"default","ast-page-background-enabled":"default","ast-page-background-meta":{"desktop":{"background-color":"var(--ast-global-color-4)","background-image":"","background-repeat":"repeat","background-position":"center center","background-size":"auto","background-attachment":"scroll","background-type":"","background-media":"","overlay-type":"","overlay-color":"","overlay-opacity":"","overlay-gradient":""},"tablet":{"background-color":"","background-image":"","background-repeat":"repeat","background-position":"center center","background-size":"auto","background-attachment":"scroll","background-type":"","background-media":"","overlay-type":"","overlay-color":"","overlay-opacity":"","overlay-gradient":""},"mobile":{"background-color":"","background-image":"","background-repeat":"repeat","background-position":"center center","background-size":"auto","background-attachment":"scroll","background-type":"","background-media":"","overlay-type":"","overlay-color":"","overlay-opacity":"","overlay-gradient":""}},"ast-content-background-meta":{"desktop":{"background-color":"var(--ast-global-color-5)","background-image":"","background-repeat":"repeat","background-position":"center center","background-size":"auto","background-attachment":"scroll","background-type":"","background-media":"","overlay-type":"","overlay-color":"","overlay-opacity":"","overlay-gradient":""},"tablet":{"background-color":"var(--ast-global-color-5)","background-image":"","background-repeat":"repeat","background-position":"center center","background-size":"auto","background-attachment":"scroll","background-type":"","background-media":"","overlay-type":"","overlay-color":"","overlay-opacity":"","overlay-gradient":""},"mobile":{"background-color":"var(--ast-global-color-5)","background-image":"","background-repeat":"repeat","background-position":"center center","background-size":"auto","background-attachment":"scroll","background-type":"","background-media":"","overlay-type":"","overlay-color":"","overlay-opacity":"","overlay-gradient":""}},"_joinchat":[],"footnotes":""},"class_list":["post-14","page","type-page","status-publish","hentry"],"uagb_featured_image_src":{"full":false,"thumbnail":false,"medium":false,"medium_large":false,"large":false,"1536x1536":false,"2048x2048":false},"uagb_author_info":{"display_name":"yvonnails.ch","author_link":"https:\/\/yvonnails.ch\/index.php\/author\/yvonnails-ch\/"},"uagb_comment_info":0,"uagb_excerpt":"\u00dcber uns Nageldienstleistungen Yvonne Nails ist ein Ort, an dem Sch\u00f6nheit auf Kunst trifft. Mit umfangreicher Erfahrung und einer unersch\u00fctterlichen Leidenschaft f\u00fcr atemberaubende N\u00e4gel bin ich darauf spezialisiert, au\u00dfergew\u00f6hnliche Manik\u00fcren und Pedik\u00fcren sowie entspannende Hand- und Fu\u00dfmassagen f\u00fcr M\u00e4nner und Frauen in der Region Bern anzubieten. Als hochqualifizierte Spezialistin f\u00fcr Gel- und Acryln\u00e4gel lege ich&hellip;","_links":{"self":[{"href":"https:\/\/yvonnails.ch\/index.php\/wp-json\/wp\/v2\/pages\/14","targetHints":{"allow":["GET"]}}],"collection":[{"href":"https:\/\/yvonnails.ch\/index.php\/wp-json\/wp\/v2\/pages"}],"about":[{"href":"https:\/\/yvonnails.ch\/index.php\/wp-json\/wp\/v2\/types\/page"}],"author":[{"embeddable":true,"href":"https:\/\/yvonnails.ch\/index.php\/wp-json\/wp\/v2\/users\/1"}],"replies":[{"embeddable":true,"href":"https:\/\/yvonnails.ch\/index.php\/wp-json\/wp\/v2\/comments?post=14"}],"version-history":[{"count":142,"href":"https:\/\/yvonnails.ch\/index.php\/wp-json\/wp\/v2\/pages\/14\/revisions"}],"predecessor-version":[{"id":2146,"href":"https:\/\/yvonnails.ch\/index.php\/wp-json\/wp\/v2\/pages\/14\/revisions\/2146"}],"wp:attachment":[{"href":"https:\/\/yvonnails.ch\/index.php\/wp-json\/wp\/v2\/media?parent=14"}],"curies":[{"name":"wp","href":"https:\/\/api.w.org\/{rel}","templated":true}]}}